{"id":93,"date":"2024-11-17T22:53:51","date_gmt":"2024-11-17T22:53:51","guid":{"rendered":"https:\/\/tehocomunicacao.com.br\/?page_id=93"},"modified":"2024-12-17T17:46:34","modified_gmt":"2024-12-17T20:46:34","slug":"servicos","status":"publish","type":"page","link":"https:\/\/soportoescampinas.com.br\/?page_id=93","title":{"rendered":"Servi\u00e7os"},"content":{"rendered":"\t\t<div data-elementor-type=\"wp-page\" data-elementor-id=\"93\" class=\"elementor elementor-93\">\n\t\t\t\t<div class=\"elementor-element elementor-element-cd097e9 e-con-full e-flex e-con e-parent\" data-id=\"cd097e9\" data-element_type=\"container\">\n\t\t<div class=\"elementor-element elementor-element-ae4dad4 e-con-full e-flex e-con e-child\" data-id=\"ae4dad4\" data-element_type=\"container\">\n\t\t\t\t<div class=\"elementor-element elementor-element-3fe8fb8 elementor-widget__width-initial elementor-widget elementor-widget-video\" data-id=\"3fe8fb8\" data-element_type=\"widget\" data-settings=\"{&quot;video_type&quot;:&quot;hosted&quot;,&quot;autoplay&quot;:&quot;yes&quot;,&quot;mute&quot;:&quot;yes&quot;,&quot;loop&quot;:&quot;yes&quot;}\" data-widget_type=\"video.default\">\n\t\t\t\t<div class=\"elementor-widget-container\">\n\t\t\t\t\t<div class=\"e-hosted-video elementor-wrapper elementor-open-inline\">\n\t\t\t\t\t<video class=\"elementor-video\" src=\"http:\/\/soportoescampinas.com.br\/wp-content\/uploads\/2024\/12\/Snapinsta.app_video_AQMtdWeDB2XlMoi9IOLHScw4JLjAlo2AC4DT8d1RSlKLaJXQt-Qcvi_afJS26Jaknsv5bUg398B5jj2f6ZQag0UoelWLWRFoyl_n-k.mp4\" autoplay=\"\" loop=\"\" muted=\"muted\" controlsList=\"nodownload\"><\/video>\n\t\t\t\t<\/div>\n\t\t\t\t<\/div>\n\t\t\t\t<\/div>\n\t\t\t\t<\/div>\n\t\t<div class=\"elementor-element elementor-element-b8b767b e-con-full e-flex e-con e-child\" data-id=\"b8b767b\" data-element_type=\"container\">\n\t\t\t\t<div class=\"elementor-element elementor-element-e224dbb elementor-widget elementor-widget-heading\" data-id=\"e224dbb\" data-element_type=\"widget\" data-widget_type=\"heading.default\">\n\t\t\t\t<div class=\"elementor-widget-container\">\n\t\t\t<h2 class=\"elementor-heading-title elementor-size-default\">Serralheria<\/h2>\t\t<\/div>\n\t\t\t\t<\/div>\n\t\t\t\t<div class=\"elementor-element elementor-element-b7530ca elementor-widget elementor-widget-heading\" data-id=\"b7530ca\" data-element_type=\"widget\" data-widget_type=\"heading.default\">\n\t\t\t\t<div class=\"elementor-widget-container\">\n\t\t\t<h2 class=\"elementor-heading-title elementor-size-default\">Com oficina pr\u00f3pria para ferro e aluminio, a S\u00f3 Port\u00f5es pode produzir do mais simples port\u00e3o, at\u00e9 o mais sofisticado, com beleza, qualidade e p\u00f3s venda disponivel 24 horas, 7 dias da semana.<br><br>\n\nAl\u00e9m disso, contamos com um servi\u00e7o de p\u00f3s-venda diferenciado, dispon\u00edvel 24 horas por dia, 7 dias por semana, para oferecer suporte completo e imediato. Na S\u00f3 Port\u00f5es, seu port\u00e3o \u00e9 mais do que um produto; \u00e9 um investimento em seguran\u00e7a e estilo com o respaldo de uma equipe comprometida com sua satisfa\u00e7\u00e3o. Confie em quem entende do assunto e transforma seus projetos em realidade!<\/h2>\t\t<\/div>\n\t\t\t\t<\/div>\n\t\t\t\t<\/div>\n\t\t\t\t<\/div>\n\t\t<div class=\"elementor-element elementor-element-15708e6 e-con-full e-flex e-con e-parent\" data-id=\"15708e6\" data-element_type=\"container\">\n\t\t<div class=\"elementor-element elementor-element-c123334 e-con-full e-flex e-con e-child\" data-id=\"c123334\" data-element_type=\"container\">\n\t\t\t\t<div class=\"elementor-element elementor-element-4639565 elementor-widget elementor-widget-heading\" data-id=\"4639565\" data-element_type=\"widget\" data-widget_type=\"heading.default\">\n\t\t\t\t<div class=\"elementor-widget-container\">\n\t\t\t<h2 class=\"elementor-heading-title elementor-size-default\">Automa\u00e7\u00e3o<\/h2>\t\t<\/div>\n\t\t\t\t<\/div>\n\t\t\t\t<div class=\"elementor-element elementor-element-a4b1924 elementor-widget elementor-widget-heading\" data-id=\"a4b1924\" data-element_type=\"widget\" data-widget_type=\"heading.default\">\n\t\t\t\t<div class=\"elementor-widget-container\">\n\t\t\t<h2 class=\"elementor-heading-title elementor-size-default\">Hoje, a automa\u00e7\u00e3o \u00e9 o grande diferencial da nossa empresa, sendo o nosso carro-chefe e motivo de orgulho! Trabalhamos com as melhores e mais renomadas marcas do mercado, oferecendo solu\u00e7\u00f5es modernas e eficientes que atendem \u00e0s mais diversas necessidades. Nossa expertise nos permite automatizar desde um simples port\u00e3o residencial, garantindo praticidade no dia a dia, at\u00e9 sistemas complexos em ind\u00fastrias, com tecnologia avan\u00e7ada de Controle de Acesso e Seguran\u00e7a.<Br> <BR> \n\nCom nossa automa\u00e7\u00e3o, proporcionamos um ambiente altamente funcional, seguro e integrado, onde tudo funciona de maneira pr\u00e1tica e confi\u00e1vel. Seja para sua casa, empresa ou ind\u00fastria, nosso objetivo \u00e9 entregar inova\u00e7\u00e3o, conforto e tranquilidade. Confie em quem entende de tecnologia e transforme seus espa\u00e7os com as melhores solu\u00e7\u00f5es em automa\u00e7\u00e3o!<\/h2>\t\t<\/div>\n\t\t\t\t<\/div>\n\t\t\t\t<\/div>\n\t\t<div class=\"elementor-element elementor-element-ca62ece e-con-full e-flex e-con e-child\" data-id=\"ca62ece\" data-element_type=\"container\">\n\t\t\t\t<div class=\"elementor-element elementor-element-ade72ae elementor-widget__width-initial elementor-widget elementor-widget-video\" data-id=\"ade72ae\" data-element_type=\"widget\" data-settings=\"{&quot;video_type&quot;:&quot;hosted&quot;,&quot;autoplay&quot;:&quot;yes&quot;,&quot;mute&quot;:&quot;yes&quot;,&quot;loop&quot;:&quot;yes&quot;}\" data-widget_type=\"video.default\">\n\t\t\t\t<div class=\"elementor-widget-container\">\n\t\t\t\t\t<div class=\"e-hosted-video elementor-wrapper elementor-open-inline\">\n\t\t\t\t\t<video class=\"elementor-video\" src=\"http:\/\/soportoescampinas.com.br\/wp-content\/uploads\/2024\/12\/Snapinsta.app_video_AQMAFFQVA_ebSw1XX7ek2olBeudchQJ6Izndwgj2qm8cpWNDoELhDVBT-2e5UCoHkZfO9-sB7ogphiGpsDRo24tLvUsJQ_wSsacwohM.mp4\" autoplay=\"\" loop=\"\" muted=\"muted\" controlsList=\"nodownload\"><\/video>\n\t\t\t\t<\/div>\n\t\t\t\t<\/div>\n\t\t\t\t<\/div>\n\t\t\t\t<\/div>\n\t\t\t\t<\/div>\n\t\t<div class=\"elementor-element elementor-element-4ffa341 e-con-full e-flex e-con e-parent\" data-id=\"4ffa341\" data-element_type=\"container\">\n\t\t<div class=\"elementor-element elementor-element-5d17977 e-con-full e-flex e-con e-child\" data-id=\"5d17977\" data-element_type=\"container\">\n\t\t\t\t<div class=\"elementor-element elementor-element-1274e40 elementor-widget__width-initial elementor-widget elementor-widget-video\" data-id=\"1274e40\" data-element_type=\"widget\" data-settings=\"{&quot;video_type&quot;:&quot;hosted&quot;,&quot;autoplay&quot;:&quot;yes&quot;,&quot;mute&quot;:&quot;yes&quot;,&quot;loop&quot;:&quot;yes&quot;}\" data-widget_type=\"video.default\">\n\t\t\t\t<div class=\"elementor-widget-container\">\n\t\t\t\t\t<div class=\"e-hosted-video elementor-wrapper elementor-open-inline\">\n\t\t\t\t\t<video class=\"elementor-video\" src=\"http:\/\/soportoescampinas.com.br\/wp-content\/uploads\/2024\/12\/Snapinsta.app_video_AQMAOh0c1eH-I3JDfHWLzOimIQ1PxmgjqepGsLRjaJoUY4YajXc2GdGHnJlbd_QbmWKagm5XUz3uuX6ElpFTHUbuBhoCeuYFkB1V22g-1.mp4\" autoplay=\"\" loop=\"\" muted=\"muted\" controlsList=\"nodownload\"><\/video>\n\t\t\t\t<\/div>\n\t\t\t\t<\/div>\n\t\t\t\t<\/div>\n\t\t\t\t<\/div>\n\t\t<div class=\"elementor-element elementor-element-36cb82f e-con-full e-flex e-con e-child\" data-id=\"36cb82f\" data-element_type=\"container\">\n\t\t\t\t<div class=\"elementor-element elementor-element-498cf4d elementor-widget elementor-widget-heading\" data-id=\"498cf4d\" data-element_type=\"widget\" data-widget_type=\"heading.default\">\n\t\t\t\t<div class=\"elementor-widget-container\">\n\t\t\t<h2 class=\"elementor-heading-title elementor-size-default\">Controle de acesso<\/h2>\t\t<\/div>\n\t\t\t\t<\/div>\n\t\t\t\t<div class=\"elementor-element elementor-element-c046e77 elementor-widget elementor-widget-heading\" data-id=\"c046e77\" data-element_type=\"widget\" data-widget_type=\"heading.default\">\n\t\t\t\t<div class=\"elementor-widget-container\">\n\t\t\t<h2 class=\"elementor-heading-title elementor-size-default\">Lorem Ipsum is simply dummy text of the printing and typesetting industry. Lorem Ipsum has been the industry's standard dummy text ever since the 1500s, when an unknown printer took a galley of type and scrambled it to make a type specimen book. It has survived not only five centuries, but also the leap into electronic typesetting, remaining essentially unchanged. It was popularised in the 1960s with the release of Letraset sheets containing Lorem Ipsum passages, and more recently with desktop publishing software like Aldus PageMaker including versions of Lorem Ipsum.<\/h2>\t\t<\/div>\n\t\t\t\t<\/div>\n\t\t\t\t<\/div>\n\t\t\t\t<\/div>\n\t\t\t\t<\/div>\n\t\t","protected":false},"excerpt":{"rendered":"<p>http:\/\/soportoescampinas.com.br\/wp-content\/uploads\/2024\/12\/Snapinsta.app_video_AQMtdWeDB2XlMoi9IOLHScw4JLjAlo2AC4DT8d1RSlKLaJXQt-Qcvi_afJS26Jaknsv5bUg398B5jj2f6ZQag0UoelWLWRFoyl_n-k.mp4 Serralheria Com oficina pr\u00f3pria para ferro e aluminio, a S\u00f3 Port\u00f5es pode produzir do mais simples port\u00e3o, at\u00e9 o mais sofisticado, com beleza, qualidade e p\u00f3s venda disponivel 24 horas, 7 dias da semana. Al\u00e9m disso, contamos com um servi\u00e7o de p\u00f3s-venda diferenciado, dispon\u00edvel 24 horas por dia, 7 dias por semana, para oferecer [&hellip;]<\/p>\n","protected":false},"author":1,"featured_media":0,"parent":0,"menu_order":0,"comment_status":"closed","ping_status":"closed","template":"","meta":{"footnotes":""},"class_list":["post-93","page","type-page","status-publish","hentry"],"_links":{"self":[{"href":"https:\/\/soportoescampinas.com.br\/index.php?rest_route=\/wp\/v2\/pages\/93","targetHints":{"allow":["GET"]}}],"collection":[{"href":"https:\/\/soportoescampinas.com.br\/index.php?rest_route=\/wp\/v2\/pages"}],"about":[{"href":"https:\/\/soportoescampinas.com.br\/index.php?rest_route=\/wp\/v2\/types\/page"}],"author":[{"embeddable":true,"href":"https:\/\/soportoescampinas.com.br\/index.php?rest_route=\/wp\/v2\/users\/1"}],"replies":[{"embeddable":true,"href":"https:\/\/soportoescampinas.com.br\/index.php?rest_route=%2Fwp%2Fv2%2Fcomments&post=93"}],"version-history":[{"count":27,"href":"https:\/\/soportoescampinas.com.br\/index.php?rest_route=\/wp\/v2\/pages\/93\/revisions"}],"predecessor-version":[{"id":460,"href":"https:\/\/soportoescampinas.com.br\/index.php?rest_route=\/wp\/v2\/pages\/93\/revisions\/460"}],"wp:attachment":[{"href":"https:\/\/soportoescampinas.com.br\/index.php?rest_route=%2Fwp%2Fv2%2Fmedia&parent=93"}],"curies":[{"name":"wp","href":"https:\/\/api.w.org\/{rel}","templated":true}]}}