{"id":462,"date":"2026-04-29T15:03:55","date_gmt":"2026-04-29T18:03:55","guid":{"rendered":"https:\/\/soportoescampinas.com.br\/?page_id=462"},"modified":"2026-04-29T15:47:11","modified_gmt":"2026-04-29T18:47:11","slug":"quem-somos","status":"publish","type":"page","link":"https:\/\/soportoescampinas.com.br\/?page_id=462","title":{"rendered":"Quem somos"},"content":{"rendered":"\t\t<div data-elementor-type=\"wp-page\" data-elementor-id=\"462\" class=\"elementor elementor-462\">\n\t\t\t\t<div class=\"elementor-element elementor-element-2338b04 e-con-full e-flex e-con e-parent\" data-id=\"2338b04\" data-element_type=\"container\">\n\t\t<div class=\"elementor-element elementor-element-5cdbef0 e-con-full e-flex e-con e-child\" data-id=\"5cdbef0\" data-element_type=\"container\">\n\t\t\t\t<\/div>\n\t\t<div class=\"elementor-element elementor-element-cca3446 e-con-full e-flex e-con e-child\" data-id=\"cca3446\" data-element_type=\"container\">\n\t\t\t\t<div class=\"elementor-element elementor-element-58fc91a elementor-widget__width-initial elementor-widget elementor-widget-image\" data-id=\"58fc91a\" data-element_type=\"widget\" data-widget_type=\"image.default\">\n\t\t\t\t<div class=\"elementor-widget-container\">\n\t\t\t\t\t\t\t\t\t\t\t\t\t<img fetchpriority=\"high\" decoding=\"async\" width=\"800\" height=\"1001\" src=\"https:\/\/soportoescampinas.com.br\/wp-content\/uploads\/2026\/04\/Gemini_Generated_Image_qggddkqggddkqggd-e1777486292810-818x1024.png\" class=\"attachment-large size-large wp-image-469\" alt=\"\" srcset=\"https:\/\/soportoescampinas.com.br\/wp-content\/uploads\/2026\/04\/Gemini_Generated_Image_qggddkqggddkqggd-e1777486292810-818x1024.png 818w, https:\/\/soportoescampinas.com.br\/wp-content\/uploads\/2026\/04\/Gemini_Generated_Image_qggddkqggddkqggd-e1777486292810-240x300.png 240w, https:\/\/soportoescampinas.com.br\/wp-content\/uploads\/2026\/04\/Gemini_Generated_Image_qggddkqggddkqggd-e1777486292810-768x961.png 768w, https:\/\/soportoescampinas.com.br\/wp-content\/uploads\/2026\/04\/Gemini_Generated_Image_qggddkqggddkqggd-e1777486292810-1227x1536.png 1227w, https:\/\/soportoescampinas.com.br\/wp-content\/uploads\/2026\/04\/Gemini_Generated_Image_qggddkqggddkqggd-e1777486292810.png 1260w\" sizes=\"(max-width: 800px) 100vw, 800px\" \/>\t\t\t\t\t\t\t\t\t\t\t\t\t<\/div>\n\t\t\t\t<\/div>\n\t\t\t\t<\/div>\n\t\t<div class=\"elementor-element elementor-element-d0043c0 e-con-full e-flex e-con e-child\" data-id=\"d0043c0\" data-element_type=\"container\">\n\t\t\t\t<div class=\"elementor-element elementor-element-e4fa881 elementor-widget elementor-widget-heading\" data-id=\"e4fa881\" data-element_type=\"widget\" data-widget_type=\"heading.default\">\n\t\t\t\t<div class=\"elementor-widget-container\">\n\t\t\t<h1 class=\"elementor-heading-title elementor-size-default\">Quem somos? <\/h1>\t\t<\/div>\n\t\t\t\t<\/div>\n\t\t\t\t<div class=\"elementor-element elementor-element-17503fb elementor-widget elementor-widget-text-editor\" data-id=\"17503fb\" data-element_type=\"widget\" data-widget_type=\"text-editor.default\">\n\t\t\t\t<div class=\"elementor-widget-container\">\n\t\t\t\t\t\t\t<p data-start=\"0\" data-end=\"352\">A S\u00f3 Port\u00f5es \u00e9 resultado de mais de 35 anos de experi\u00eancia, dedica\u00e7\u00e3o e compromisso com a excel\u00eancia no segmento de serralheria e seguran\u00e7a. Sua hist\u00f3ria come\u00e7ou com o Sr. Edm\u00edcio, fundador da antiga Serralheria Oldani, refer\u00eancia na fabrica\u00e7\u00e3o de port\u00f5es e estruturas met\u00e1licas, constru\u00edda com muito trabalho, confian\u00e7a e tradi\u00e7\u00e3o ao longo de d\u00e9cadas.<\/p><p data-start=\"354\" data-end=\"621\">No ano de 2000, unindo experi\u00eancia e vis\u00e3o de futuro, o Sr. Edm\u00edcio e seu filho fundaram a S\u00f3 Port\u00f5es, empresa especializada em Port\u00f5es Eletr\u00f4nicos e Solu\u00e7\u00f5es em Seguran\u00e7a Eletr\u00f4nica, ampliando o portf\u00f3lio de servi\u00e7os e acompanhando a evolu\u00e7\u00e3o tecnol\u00f3gica do mercado.<\/p><p data-start=\"354\" data-end=\"621\">Desde ent\u00e3o, a empresa vem se destacando pela qualidade dos produtos, pelo atendimento personalizado e pela busca constante por inova\u00e7\u00e3o. Al\u00e9m da fabrica\u00e7\u00e3o e automatiza\u00e7\u00e3o de port\u00f5es residenciais, comerciais e industriais, a S\u00f3 Port\u00f5es tamb\u00e9m atua com a instala\u00e7\u00e3o de cercas el\u00e9tricas, sistemas de c\u00e2meras de seguran\u00e7a (CFTV), controles de acesso, interfonia e diversas solu\u00e7\u00f5es voltadas \u00e0 prote\u00e7\u00e3o patrimonial e ao bem-estar de seus clientes.<\/p><p data-start=\"354\" data-end=\"621\">\u00a0<\/p>\t\t\t\t\t\t<\/div>\n\t\t\t\t<\/div>\n\t\t\t\t<\/div>\n\t\t<div class=\"elementor-element elementor-element-e1817ec e-con-full e-flex e-con e-child\" data-id=\"e1817ec\" data-element_type=\"container\">\n\t\t\t\t<\/div>\n\t\t\t\t<\/div>\n\t\t<div class=\"elementor-element elementor-element-d70ecad e-con-full e-flex e-con e-parent\" data-id=\"d70ecad\" data-element_type=\"container\">\n\t\t<div class=\"elementor-element elementor-element-0b6aa0e e-con-full e-flex e-con e-child\" data-id=\"0b6aa0e\" data-element_type=\"container\">\n\t\t\t\t<\/div>\n\t\t<div class=\"elementor-element elementor-element-5111eb8 e-con-full e-flex e-con e-child\" data-id=\"5111eb8\" data-element_type=\"container\">\n\t\t\t\t<div class=\"elementor-element elementor-element-f634f23 elementor-widget elementor-widget-text-editor\" data-id=\"f634f23\" data-element_type=\"widget\" data-widget_type=\"text-editor.default\">\n\t\t\t\t<div class=\"elementor-widget-container\">\n\t\t\t\t\t\t\t<p data-start=\"0\" data-end=\"352\">\u00a0<\/p><p data-start=\"1069\" data-end=\"1400\">\u00a0<\/p><p data-start=\"1402\" data-end=\"1775\" data-is-last-node=\"\" data-is-only-node=\"\">\u00a0<\/p>\t\t\t\t\t\t<\/div>\n\t\t\t\t<\/div>\n\t\t\t\t<\/div>\n\t\t\t\t<div class=\"elementor-element elementor-element-8b6a0e6 elementor-widget elementor-widget-text-editor\" data-id=\"8b6a0e6\" data-element_type=\"widget\" data-widget_type=\"text-editor.default\">\n\t\t\t\t<div class=\"elementor-widget-container\">\n\t\t\t\t\t\t\t<p data-start=\"0\" data-end=\"352\">Com sede em Campinas, a S\u00f3 Port\u00f5es consolidou sua atua\u00e7\u00e3o e conquistou reconhecimento dentro e fora da cidade, tornando-se sin\u00f4nimo de confian\u00e7a, seguran\u00e7a e profissionalismo. Hoje, contamos com uma s\u00f3lida e renomada carteira de aproximadamente 3.000 clientes, atendendo com excel\u00eancia projetos de diferentes portes e necessidades.<\/p><p data-start=\"0\" data-end=\"352\">Nosso compromisso vai al\u00e9m da entrega de produtos e servi\u00e7os: buscamos proporcionar seguran\u00e7a, comodidade, conforto e tranquilidade para cada cliente, sempre com transpar\u00eancia, responsabilidade e a experi\u00eancia de quem realmente entende do assunto. A S\u00f3 Port\u00f5es segue crescendo, mantendo seus valores de tradi\u00e7\u00e3o, qualidade e inova\u00e7\u00e3o como base de sua trajet\u00f3ria de sucesso.<\/p>\t\t\t\t\t\t<\/div>\n\t\t\t\t<\/div>\n\t\t<div class=\"elementor-element elementor-element-2db57bf e-con-full e-flex e-con e-child\" data-id=\"2db57bf\" data-element_type=\"container\">\n\t\t\t\t<div class=\"elementor-element elementor-element-bd8339a elementor-widget__width-initial elementor-widget elementor-widget-image\" data-id=\"bd8339a\" data-element_type=\"widget\" data-widget_type=\"image.default\">\n\t\t\t\t<div class=\"elementor-widget-container\">\n\t\t\t\t\t\t\t\t\t\t\t\t\t<img decoding=\"async\" width=\"800\" height=\"784\" src=\"https:\/\/soportoescampinas.com.br\/wp-content\/uploads\/2026\/04\/Gemini_Generated_Image_nfrdvwnfrdvwnfrd-e1777488108921-1024x1004.png\" class=\"attachment-large size-large wp-image-476\" alt=\"\" srcset=\"https:\/\/soportoescampinas.com.br\/wp-content\/uploads\/2026\/04\/Gemini_Generated_Image_nfrdvwnfrdvwnfrd-e1777488108921-1024x1004.png 1024w, https:\/\/soportoescampinas.com.br\/wp-content\/uploads\/2026\/04\/Gemini_Generated_Image_nfrdvwnfrdvwnfrd-e1777488108921-300x294.png 300w, https:\/\/soportoescampinas.com.br\/wp-content\/uploads\/2026\/04\/Gemini_Generated_Image_nfrdvwnfrdvwnfrd-e1777488108921-768x753.png 768w, https:\/\/soportoescampinas.com.br\/wp-content\/uploads\/2026\/04\/Gemini_Generated_Image_nfrdvwnfrdvwnfrd-e1777488108921-1536x1506.png 1536w, https:\/\/soportoescampinas.com.br\/wp-content\/uploads\/2026\/04\/Gemini_Generated_Image_nfrdvwnfrdvwnfrd-e1777488108921.png 1828w\" sizes=\"(max-width: 800px) 100vw, 800px\" \/>\t\t\t\t\t\t\t\t\t\t\t\t\t<\/div>\n\t\t\t\t<\/div>\n\t\t\t\t<\/div>\n\t\t<div class=\"elementor-element elementor-element-0153d6a e-con-full e-flex e-con e-child\" data-id=\"0153d6a\" data-element_type=\"container\">\n\t\t\t\t<\/div>\n\t\t\t\t<\/div>\n\t\t\t\t<\/div>\n\t\t","protected":false},"excerpt":{"rendered":"<p>Quem somos? A S\u00f3 Port\u00f5es \u00e9 resultado de mais de 35 anos de experi\u00eancia, dedica\u00e7\u00e3o e compromisso com a excel\u00eancia no segmento de serralheria e seguran\u00e7a. Sua hist\u00f3ria come\u00e7ou com o Sr. Edm\u00edcio, fundador da antiga Serralheria Oldani, refer\u00eancia na fabrica\u00e7\u00e3o de port\u00f5es e estruturas met\u00e1licas, constru\u00edda com muito trabalho, confian\u00e7a e tradi\u00e7\u00e3o ao longo [&hellip;]<\/p>\n","protected":false},"author":1,"featured_media":0,"parent":0,"menu_order":0,"comment_status":"closed","ping_status":"closed","template":"elementor_header_footer","meta":{"footnotes":""},"class_list":["post-462","page","type-page","status-publish","hentry"],"_links":{"self":[{"href":"https:\/\/soportoescampinas.com.br\/index.php?rest_route=\/wp\/v2\/pages\/462","targetHints":{"allow":["GET"]}}],"collection":[{"href":"https:\/\/soportoescampinas.com.br\/index.php?rest_route=\/wp\/v2\/pages"}],"about":[{"href":"https:\/\/soportoescampinas.com.br\/index.php?rest_route=\/wp\/v2\/types\/page"}],"author":[{"embeddable":true,"href":"https:\/\/soportoescampinas.com.br\/index.php?rest_route=\/wp\/v2\/users\/1"}],"replies":[{"embeddable":true,"href":"https:\/\/soportoescampinas.com.br\/index.php?rest_route=%2Fwp%2Fv2%2Fcomments&post=462"}],"version-history":[{"count":13,"href":"https:\/\/soportoescampinas.com.br\/index.php?rest_route=\/wp\/v2\/pages\/462\/revisions"}],"predecessor-version":[{"id":486,"href":"https:\/\/soportoescampinas.com.br\/index.php?rest_route=\/wp\/v2\/pages\/462\/revisions\/486"}],"wp:attachment":[{"href":"https:\/\/soportoescampinas.com.br\/index.php?rest_route=%2Fwp%2Fv2%2Fmedia&parent=462"}],"curies":[{"name":"wp","href":"https:\/\/api.w.org\/{rel}","templated":true}]}}